{"id":12,"date":"2025-01-16T07:39:39","date_gmt":"2025-01-16T07:39:39","guid":{"rendered":"http:\/\/sod.zbz.mybluehost.me\/contact\/"},"modified":"2025-03-12T10:17:06","modified_gmt":"2025-03-12T10:17:06","slug":"kontakt","status":"publish","type":"page","link":"https:\/\/nhmat.com\/de\/kontakt\/","title":{"rendered":"KONTAKT"},"content":{"rendered":"<div class=\"nfd-pt-lg nfd-theme-dark nfd-bg-surface is-style-nfd-theme-dark wp-block-group alignfull has-background nfd-bg-effect-grid is-layout-constrained wp-block-group-is-layout-constrained\" style=\"background:linear-gradient(0deg,rgba(255,255,255,0) 15%,rgb(22,26,29) 15%)\">\n<div class=\"nfd-gap-4xl wp-block-group is-vertical is-content-justification-center is-layout-flex wp-container-core-group-is-layout-ce155fab wp-block-group-is-layout-flex\">\n<div class=\"nfd-container wp-block-group is-layout-constrained wp-block-group-is-layout-constrained\">\n<div class=\"nfd-gap-xl wp-block-group nfd-wb-animate nfd-wb-fade-in-bottom-short is-vertical is-content-justification-center is-layout-flex wp-container-core-group-is-layout-f9a93ed8 wp-block-group-is-layout-flex\">\n<h1 class=\"nfd-text-giga nfd-text-contrast nfd-text-balance wp-block-heading has-text-align-center\">Kontakt<\/h1>\n\n\n\n<p class=\"nfd-text-md nfd-text-balance nfd-text-faded has-text-align-center\">Tu smo da odgovorimo na va\u0161a pitanja i saslu\u0161amo va\u0161e sugestije.<\/p>\n<\/div>\n<\/div>\n\n\n\n<div class=\"wp-block-group alignfull nfd-wb-animate nfd-wb-reveal-right is-content-justification-center is-nowrap is-layout-flex wp-container-core-group-is-layout-bcf5fd3f wp-block-group-is-layout-flex\" style=\"padding-top:0;padding-right:0;padding-bottom:0;padding-left:0\">\n<figure class=\"nfd-rounded-t-xl wp-block-image aligncenter size-large is-resized\"><img data-recalc-dims=\"1\" loading=\"lazy\" decoding=\"async\" width=\"1024\" height=\"683\" src=\"https:\/\/i0.wp.com\/nhmat.com\/wp-content\/uploads\/2025\/03\/Media-17.jpeg?resize=1024%2C683&#038;ssl=1\" alt=\"\" class=\"wp-image-200\" style=\"aspect-ratio:1.7777777777777777;object-fit:cover;width:1013px;height:auto\" srcset=\"https:\/\/i0.wp.com\/nhmat.com\/wp-content\/uploads\/2025\/03\/Media-17.jpeg?resize=1024%2C683&amp;ssl=1 1024w, https:\/\/i0.wp.com\/nhmat.com\/wp-content\/uploads\/2025\/03\/Media-17.jpeg?resize=300%2C200&amp;ssl=1 300w, https:\/\/i0.wp.com\/nhmat.com\/wp-content\/uploads\/2025\/03\/Media-17.jpeg?resize=768%2C512&amp;ssl=1 768w, https:\/\/i0.wp.com\/nhmat.com\/wp-content\/uploads\/2025\/03\/Media-17.jpeg?resize=1536%2C1024&amp;ssl=1 1536w, https:\/\/i0.wp.com\/nhmat.com\/wp-content\/uploads\/2025\/03\/Media-17.jpeg?w=1878&amp;ssl=1 1878w\" sizes=\"auto, (max-width: 1000px) 100vw, 1000px\" \/><\/figure>\n<\/div>\n<\/div>\n<\/div>\n\n\n\n<div class=\"nfd-container nfd-p-md nfd-theme-white nfd-bg-surface is-style-nfd-theme-white wp-block-group is-layout-constrained wp-block-group-is-layout-constrained\">\n<div class=\"nfd-text-md nfd-gap-2xl wp-block-columns nfd-wb-animate nfd-wb-fade-in-bottom is-layout-flex wp-container-core-columns-is-layout-28f84493 wp-block-columns-is-layout-flex\">\n<div class=\"wp-block-column is-vertically-aligned-top is-layout-flow wp-container-core-column-is-layout-369f67fb wp-block-column-is-layout-flow\">\n<h2 class=\"wp-block-heading nfd-text-lg nfd-text-current\">Radni sati<\/h2>\n\n\n\n<div class=\"nfd-text-opacity-80 wp-block-group is-content-justification-left is-layout-constrained wp-container-core-group-is-layout-7526a028 wp-block-group-is-layout-constrained\">\n<p class=\"has-base-color has-text-color has-link-color wp-elements-9aaa4127284d666482f42feb12c36f07\"><strong>Ponedjeljak &#8211; Petak<br><\/strong>7:00 am \u2014 16:00 pm<\/p>\n\n\n\n<p class=\"has-base-color has-text-color has-link-color wp-elements-f3a70b2893a40355582d000ccb5abd3c\"><strong>Subota &#8211; Nedjelja<\/strong><br>Zatvoreno<\/p>\n<\/div>\n<\/div>\n\n\n\n<div class=\"wp-block-column is-vertically-aligned-top is-layout-flow wp-container-core-column-is-layout-369f67fb wp-block-column-is-layout-flow\">\n<h2 class=\"wp-block-heading nfd-text-lg nfd-text-current\">Contact<\/h2>\n\n\n\n<div class=\"nfd-text-opacity-80 wp-block-group is-content-justification-left is-layout-constrained wp-container-core-group-is-layout-7526a028 wp-block-group-is-layout-constrained\">\n<p class=\"has-base-color has-text-color has-link-color wp-elements-d2b843783fa1568b859ee6651b2f477c\"><strong>Email<br><\/strong><a href=\"mailto:info@nhmat.com\">info@nhmat.com<\/a><\/p>\n\n\n\n<p class=\"has-base-color has-text-color has-link-color wp-elements-8341cba4bb3aff5c743fc6ef71e6474e\"><strong>Telefon<\/strong><br>+387 63 793 018<br>+387 63 793 129<\/p>\n<\/div>\n<\/div>\n\n\n\n<div class=\"wp-block-column is-vertically-aligned-top is-layout-flow wp-container-core-column-is-layout-369f67fb wp-block-column-is-layout-flow\">\n<h2 class=\"wp-block-heading nfd-text-lg nfd-text-current has-text-align-left\">Pove\u017eimo se!<\/h2>\n\n\n\n<ul class=\"is-style-default wp-block-social-links alignleft has-normal-icon-size has-icon-color has-icon-background-color is-content-justification-space-between is-layout-flex wp-container-core-social-links-is-layout-b2891da8 wp-block-social-links-is-layout-flex\"><li style=\"color:#000000;background-color:#0000000d;\" class=\"wp-social-link wp-social-link-instagram has-secondary-foreground-color wp-block-social-link\"><a href=\"https:\/\/www.instagram.com\/nh_mat\/\" class=\"wp-block-social-link-anchor\"><svg width=\"24\" height=\"24\" viewbox=\"0 0 24 24\" version=\"1.1\" xmlns=\"http:\/\/www.w3.org\/2000\/svg\" aria-hidden=\"true\" focusable=\"false\"><path d=\"M12,4.622c2.403,0,2.688,0.009,3.637,0.052c0.877,0.04,1.354,0.187,1.671,0.31c0.42,0.163,0.72,0.358,1.035,0.673 c0.315,0.315,0.51,0.615,0.673,1.035c0.123,0.317,0.27,0.794,0.31,1.671c0.043,0.949,0.052,1.234,0.052,3.637 s-0.009,2.688-0.052,3.637c-0.04,0.877-0.187,1.354-0.31,1.671c-0.163,0.42-0.358,0.72-0.673,1.035 c-0.315,0.315-0.615,0.51-1.035,0.673c-0.317,0.123-0.794,0.27-1.671,0.31c-0.949,0.043-1.233,0.052-3.637,0.052 s-2.688-0.009-3.637-0.052c-0.877-0.04-1.354-0.187-1.671-0.31c-0.42-0.163-0.72-0.358-1.035-0.673 c-0.315-0.315-0.51-0.615-0.673-1.035c-0.123-0.317-0.27-0.794-0.31-1.671C4.631,14.688,4.622,14.403,4.622,12 s0.009-2.688,0.052-3.637c0.04-0.877,0.187-1.354,0.31-1.671c0.163-0.42,0.358-0.72,0.673-1.035 c0.315-0.315,0.615-0.51,1.035-0.673c0.317-0.123,0.794-0.27,1.671-0.31C9.312,4.631,9.597,4.622,12,4.622 M12,3 C9.556,3,9.249,3.01,8.289,3.054C7.331,3.098,6.677,3.25,6.105,3.472C5.513,3.702,5.011,4.01,4.511,4.511 c-0.5,0.5-0.808,1.002-1.038,1.594C3.25,6.677,3.098,7.331,3.054,8.289C3.01,9.249,3,9.556,3,12c0,2.444,0.01,2.751,0.054,3.711 c0.044,0.958,0.196,1.612,0.418,2.185c0.23,0.592,0.538,1.094,1.038,1.594c0.5,0.5,1.002,0.808,1.594,1.038 c0.572,0.222,1.227,0.375,2.185,0.418C9.249,20.99,9.556,21,12,21s2.751-0.01,3.711-0.054c0.958-0.044,1.612-0.196,2.185-0.418 c0.592-0.23,1.094-0.538,1.594-1.038c0.5-0.5,0.808-1.002,1.038-1.594c0.222-0.572,0.375-1.227,0.418-2.185 C20.99,14.751,21,14.444,21,12s-0.01-2.751-0.054-3.711c-0.044-0.958-0.196-1.612-0.418-2.185c-0.23-0.592-0.538-1.094-1.038-1.594 c-0.5-0.5-1.002-0.808-1.594-1.038c-0.572-0.222-1.227-0.375-2.185-0.418C14.751,3.01,14.444,3,12,3L12,3z M12,7.378 c-2.552,0-4.622,2.069-4.622,4.622S9.448,16.622,12,16.622s4.622-2.069,4.622-4.622S14.552,7.378,12,7.378z M12,15 c-1.657,0-3-1.343-3-3s1.343-3,3-3s3,1.343,3,3S13.657,15,12,15z M16.804,6.116c-0.596,0-1.08,0.484-1.08,1.08 s0.484,1.08,1.08,1.08c0.596,0,1.08-0.484,1.08-1.08S17.401,6.116,16.804,6.116z\"><\/path><\/svg><span class=\"wp-block-social-link-label screen-reader-text\">Instagram<\/span><\/a><\/li>\n\n<li style=\"color:#000000;background-color:#0000000d;\" class=\"wp-social-link wp-social-link-facebook has-secondary-foreground-color wp-block-social-link\"><a href=\"https:\/\/www.facebook.com\/nhmat1\/?locale=hr_HR\" class=\"wp-block-social-link-anchor\"><svg width=\"24\" height=\"24\" viewbox=\"0 0 24 24\" version=\"1.1\" xmlns=\"http:\/\/www.w3.org\/2000\/svg\" aria-hidden=\"true\" focusable=\"false\"><path d=\"M12 2C6.5 2 2 6.5 2 12c0 5 3.7 9.1 8.4 9.9v-7H7.9V12h2.5V9.8c0-2.5 1.5-3.9 3.8-3.9 1.1 0 2.2.2 2.2.2v2.5h-1.3c-1.2 0-1.6.8-1.6 1.6V12h2.8l-.4 2.9h-2.3v7C18.3 21.1 22 17 22 12c0-5.5-4.5-10-10-10z\"><\/path><\/svg><span class=\"wp-block-social-link-label screen-reader-text\">Facebook<\/span><\/a><\/li><\/ul>\n<\/div>\n<\/div>\n<\/div>\n\n\n\n<div class=\"nfd-container nfd-p-lg nfd-text-base nfd-bg-surface nfd-theme-light is-style-nfd-theme-light wp-block-group alignwide nfd-wb-animate nfd-wb-fade-in-bottom is-layout-flow wp-container-core-group-is-layout-330ce275 wp-block-group-is-layout-flow\">\n<div class=\"nfd-gap-lg wp-block-group is-vertical is-content-justification-center is-layout-flex wp-container-core-group-is-layout-fa38c63a wp-block-group-is-layout-flex\">\n<div class=\"wp-block-group is-nowrap is-layout-flex wp-container-core-group-is-layout-6c531013 wp-block-group-is-layout-flex\">\n<div class=\"nfd-shadow-xs nfd-rounded-full nfd-bg-surface nfd-theme-white is-style-nfd-theme-white wp-block-group is-layout-constrained wp-container-core-group-is-layout-c4486197 wp-block-group-is-layout-constrained\" style=\"padding-top:6px;padding-right:16px;padding-bottom:6px;padding-left:16px\">\n<p class=\"nfd-text-xs\" style=\"font-style:normal;font-weight:600;text-transform:uppercase\">\u010cesto postavljena pitanja<\/p>\n<\/div>\n<\/div>\n\n\n\n<h2 class=\"wp-block-heading nfd-text-huge nfd-text-contrast nfd-text-balance has-text-align-center\">Imate pitanja? Mi imamo odgovore.<\/h2>\n<\/div>\n\n\n\n<div class=\"nfd-container nfd-theme-light nfd-bg-surface is-style-nfd-theme-light wp-block-group is-layout-constrained wp-block-group-is-layout-constrained\">\n<div class=\"wp-block-columns is-layout-flex wp-container-core-columns-is-layout-28f84493 wp-block-columns-is-layout-flex\">\n<div class=\"wp-block-column is-layout-flow wp-block-column-is-layout-flow\">\n<details class=\"nfd-text-md nfd-p-card-sm nfd-rounded nfd-text-contrast nfd-shadow-xs wp-block-details has-contrast-color has-base-background-color has-text-color has-background has-link-color wp-elements-b0359df447ee790c7dce10b1003d89ad is-layout-flow wp-block-details-is-layout-flow\" style=\"border-width:1px;font-style:normal;font-weight:500\"><summary>Koje vrste zavarivanja nudite?<\/summary>\n<p class=\"nfd-text-base nfd-text-faded has-contrast-color has-text-color has-link-color wp-elements-14b24d2b00dbddaba462bd0eb1d9140c\" style=\"margin-top:var(--wp--preset--spacing--10);font-style:normal;font-weight:400\">Nudimo MIG\/MAG, TIG i REL\/MMA zavarivanje. Na\u0161e usluge su prilago\u0111ene razli\u010ditim materijalima, uklju\u010duju\u0107i \u010delik, inox i aluminijum.<\/p>\n<\/details>\n\n\n\n<details class=\"nfd-text-md nfd-p-card-sm nfd-rounded nfd-text-contrast nfd-shadow-xs wp-block-details has-contrast-color has-base-background-color has-text-color has-background has-link-color wp-elements-577c17f7282232db7f729596e4048ed5 is-layout-flow wp-block-details-is-layout-flow\" style=\"border-width:1px;font-style:normal;font-weight:500\"><summary>Da li radite po narud\u017ebi i prilago\u0111avate proizvode specifi\u010dnim zahtevima klijenata?<\/summary>\n<p class=\"nfd-text-base nfd-text-faded has-contrast-color has-text-color has-link-color wp-elements-e0d9317d15376b28a77b40c05d55108e\" style=\"margin-top:var(--wp--preset--spacing--10);font-style:normal;font-weight:400\">Da, sve na\u0161e metalne konstrukcije izra\u0111ujemo prema va\u0161im specifikacijama i potrebama.<\/p>\n<\/details>\n\n\n\n<details class=\"nfd-text-md nfd-p-card-sm nfd-rounded nfd-text-contrast nfd-shadow-xs wp-block-details has-contrast-color has-base-background-color has-text-color has-background has-link-color wp-elements-004693736fc8dee4a6e37ac09aba11f6 is-layout-flow wp-block-details-is-layout-flow\" style=\"border-width:1px;font-style:normal;font-weight:500\"><summary>Koje materijale koristite u izradi?<\/summary>\n<p class=\"nfd-text-base nfd-text-faded has-contrast-color has-text-color has-link-color wp-elements-d80cc561a74b27c519721fb66e4ace53\" style=\"margin-top:var(--wp--preset--spacing--10);font-style:normal;font-weight:400\">Koristimo visokokvalitetne metale, uklju\u010duju\u0107i crni \u010delik, nehr\u0111aju\u0107i \u010delik (inox) i aluminijum, u zavisnosti od namjene i zahtjeva projekta.<\/p>\n<\/details>\n\n\n\n<details class=\"nfd-text-md nfd-p-card-sm nfd-rounded nfd-text-contrast nfd-shadow-xs wp-block-details has-contrast-color has-base-background-color has-text-color has-background has-link-color wp-elements-39a1d03d14111087a0bfba10d6d10c18 is-layout-flow wp-block-details-is-layout-flow\" style=\"border-width:1px;font-style:normal;font-weight:500\"><summary>Da li nudite uslugu pra\u0161kastog farbanja?<\/summary>\n<p class=\"nfd-text-base nfd-text-faded has-contrast-color has-text-color has-link-color wp-elements-cbd826978c657bc5e8dced9309d272d0\" style=\"margin-top:var(--wp--preset--spacing--10);font-style:normal;font-weight:400\">Da, pru\u017eamo uslugu pra\u0161kastog farbanja, koje obezbe\u0111uje dugotrajnu za\u0161titu i estetski savr\u0161en fini\u0161 metalnih konstrukcija.<\/p>\n<\/details>\n<\/div>\n\n\n\n<div class=\"wp-block-column is-layout-flow wp-block-column-is-layout-flow\">\n<details class=\"nfd-text-md nfd-p-card-sm nfd-rounded nfd-text-contrast nfd-shadow-xs wp-block-details has-contrast-color has-base-background-color has-text-color has-background has-link-color wp-elements-299dae703a56d2d2afe3c0b4147ca292 is-layout-flow wp-block-details-is-layout-flow\" style=\"border-width:1px;font-style:normal;font-weight:500\"><summary>Da li sara\u0111ujete sa firmama iz inostranstva?<\/summary>\n<p class=\"nfd-text-base nfd-text-faded has-contrast-color has-text-color has-link-color wp-elements-2d43434a2f9de00868e7f7b375f81076\" style=\"margin-top:var(--wp--preset--spacing--10);font-style:normal;font-weight:400\">Da, otvoreni smo za saradnju sa kompanijama iz inostranstva.<\/p>\n<\/details>\n\n\n\n<details class=\"nfd-text-md nfd-p-card-sm nfd-rounded nfd-text-contrast nfd-shadow-xs wp-block-details has-contrast-color has-base-background-color has-text-color has-background has-link-color wp-elements-6fe204c551d5a4b82107976d33d08ae5 is-layout-flow wp-block-details-is-layout-flow\" style=\"border-width:1px;font-style:normal;font-weight:500\"><summary>Kako mogu dobiti ponudu za va\u0161 proizvod ili uslugu?<\/summary>\n<p class=\"nfd-text-base nfd-text-faded has-contrast-color has-text-color has-link-color wp-elements-e1a3422d78ba48d5b6f9d0f10bab5a92\" style=\"margin-top:var(--wp--preset--spacing--10);font-style:normal;font-weight:400\">Mo\u017eete nas kontaktirati putem telefona ili e-maila, a na\u0161i stru\u010dnjaci \u0107e vam pripremiti detaljnu ponudu u najkra\u0107em roku.<\/p>\n<\/details>\n\n\n\n<details class=\"nfd-text-md nfd-p-card-sm nfd-rounded nfd-text-contrast nfd-shadow-xs wp-block-details has-contrast-color has-base-background-color has-text-color has-background has-link-color wp-elements-3155dd60709eeadfddadb135068652d6 is-layout-flow wp-block-details-is-layout-flow\" style=\"border-width:1px;font-style:normal;font-weight:500\"><summary>Koji su rokovi isporuke za va\u0161e proizvode?<\/summary>\n<p class=\"nfd-text-base nfd-text-faded has-contrast-color has-text-color has-link-color wp-elements-cc1ef12c082eb61211cc88bdeab70976\" style=\"margin-top:var(--wp--preset--spacing--10);font-style:normal;font-weight:400\">Rokovi isporuke zavise od slo\u017eenosti i obima projekta, ali se trudimo da svaki posao zavr\u0161imo u dogovorenom vremenskom okviru uz po\u0161tovanje visokih standarda kvaliteta.<\/p>\n<\/details>\n\n\n\n<details class=\"nfd-text-md nfd-p-card-sm nfd-rounded nfd-text-contrast nfd-shadow-xs wp-block-details has-contrast-color has-base-background-color has-text-color has-background has-link-color wp-elements-49fb04b740145ae1d8a3561ff2f9dfa1 is-layout-flow wp-block-details-is-layout-flow\" style=\"border-width:1px;font-style:normal;font-weight:500\"><summary>Da li nudite monta\u017eu metalnih konstrukcija?<\/summary>\n<p class=\"nfd-text-base nfd-text-faded has-contrast-color has-text-color has-link-color wp-elements-230ca7f6c1fc8388354ab6b6de3912ca\" style=\"margin-top:var(--wp--preset--spacing--10);font-style:normal;font-weight:400\">Da, pored proizvodnje, nudimo i profesionalnu monta\u017eu na\u0161ih metalnih konstrukcija kako bismo osigurali njihovu sigurnost i dugotrajnost.<\/p>\n<\/details>\n<\/div>\n<\/div>\n<\/div>\n<\/div>","protected":false},"excerpt":{"rendered":"<p>Kontakt Tu smo da odgovorimo na va\u0161a pitanja i saslu\u0161amo va\u0161e sugestije. Radni sati Ponedjeljak &#8211; Petak7:00 am \u2014 16:00 pm Subota &#8211; NedjeljaZatvoreno Contact Emailinfo@nhmat.com Telefon+387 63 793 018+387 63 793 129 Pove\u017eimo se! \u010cesto postavljena pitanja Imate pitanja? Mi imamo odgovore.<\/p>","protected":false},"author":1,"featured_media":0,"parent":0,"menu_order":0,"comment_status":"closed","ping_status":"closed","template":"no-title","meta":{"nf_dc_page":"contact","footnotes":""},"class_list":["post-12","page","type-page","status-publish","hentry"],"yoast_head":"<!-- This site is optimized with the Yoast SEO plugin v27.4 - https:\/\/yoast.com\/product\/yoast-seo-wordpress\/ -->\n<title>KONTAKT - NH MAT - Metalne konstrukcije i dijelovi<\/title>\n<meta name=\"robots\" content=\"index, follow, max-snippet:-1, max-image-preview:large, max-video-preview:-1\" \/>\n<link rel=\"canonical\" href=\"https:\/\/nhmat.com\/de\/kontakt\/\" \/>\n<meta property=\"og:locale\" content=\"de_DE\" \/>\n<meta property=\"og:type\" content=\"article\" \/>\n<meta property=\"og:title\" content=\"KONTAKT - NH MAT - Metalne konstrukcije i dijelovi\" \/>\n<meta property=\"og:description\" content=\"Kontakt Tu smo da odgovorimo na va\u0161a pitanja i saslu\u0161amo va\u0161e sugestije. Radni sati Ponedjeljak &#8211; Petak7:00 am \u2014 16:00 pm Subota &#8211; NedjeljaZatvoreno Contact Emailinfo@nhmat.com Telefon+387 63 793 018+387 63 793 129 Pove\u017eimo se! \u010cesto postavljena pitanja Imate pitanja? Mi imamo odgovore.\" \/>\n<meta property=\"og:url\" content=\"https:\/\/nhmat.com\/de\/kontakt\/\" \/>\n<meta property=\"og:site_name\" content=\"NH MAT - Metalne konstrukcije i dijelovi\" \/>\n<meta property=\"article:modified_time\" content=\"2025-03-12T10:17:06+00:00\" \/>\n<meta property=\"og:image\" content=\"https:\/\/nhmat.com\/wp-content\/uploads\/2025\/03\/Media-17-1024x683.jpeg\" \/>\n<meta name=\"twitter:card\" content=\"summary_large_image\" \/>\n<meta name=\"twitter:label1\" content=\"Gesch\u00e4tzte Lesezeit\" \/>\n\t<meta name=\"twitter:data1\" content=\"2\u00a0Minuten\" \/>\n<script type=\"application\/ld+json\" class=\"yoast-schema-graph\">{\"@context\":\"https:\\\/\\\/schema.org\",\"@graph\":[{\"@type\":\"WebPage\",\"@id\":\"https:\\\/\\\/nhmat.com\\\/kontakt\\\/\",\"url\":\"https:\\\/\\\/nhmat.com\\\/kontakt\\\/\",\"name\":\"KONTAKT - NH MAT - Metalne konstrukcije i dijelovi\",\"isPartOf\":{\"@id\":\"http:\\\/\\\/sod.zbz.mybluehost.me\\\/#website\"},\"primaryImageOfPage\":{\"@id\":\"https:\\\/\\\/nhmat.com\\\/kontakt\\\/#primaryimage\"},\"image\":{\"@id\":\"https:\\\/\\\/nhmat.com\\\/kontakt\\\/#primaryimage\"},\"thumbnailUrl\":\"https:\\\/\\\/nhmat.com\\\/wp-content\\\/uploads\\\/2025\\\/03\\\/Media-17-1024x683.jpeg\",\"datePublished\":\"2025-01-16T07:39:39+00:00\",\"dateModified\":\"2025-03-12T10:17:06+00:00\",\"breadcrumb\":{\"@id\":\"https:\\\/\\\/nhmat.com\\\/kontakt\\\/#breadcrumb\"},\"inLanguage\":\"de\",\"potentialAction\":[{\"@type\":\"ReadAction\",\"target\":[\"https:\\\/\\\/nhmat.com\\\/kontakt\\\/\"]}]},{\"@type\":\"ImageObject\",\"inLanguage\":\"de\",\"@id\":\"https:\\\/\\\/nhmat.com\\\/kontakt\\\/#primaryimage\",\"url\":\"https:\\\/\\\/nhmat.com\\\/wp-content\\\/uploads\\\/2025\\\/03\\\/Media-17-1024x683.jpeg\",\"contentUrl\":\"https:\\\/\\\/nhmat.com\\\/wp-content\\\/uploads\\\/2025\\\/03\\\/Media-17-1024x683.jpeg\"},{\"@type\":\"BreadcrumbList\",\"@id\":\"https:\\\/\\\/nhmat.com\\\/kontakt\\\/#breadcrumb\",\"itemListElement\":[{\"@type\":\"ListItem\",\"position\":1,\"name\":\"Home\",\"item\":\"https:\\\/\\\/nhmat.com\\\/\"},{\"@type\":\"ListItem\",\"position\":2,\"name\":\"KONTAKT\"}]},{\"@type\":\"WebSite\",\"@id\":\"http:\\\/\\\/sod.zbz.mybluehost.me\\\/#website\",\"url\":\"http:\\\/\\\/sod.zbz.mybluehost.me\\\/\",\"name\":\"NH MAT - Metalne konstrukcije i dijelovi\",\"description\":\"\",\"publisher\":{\"@id\":\"http:\\\/\\\/sod.zbz.mybluehost.me\\\/#organization\"},\"potentialAction\":[{\"@type\":\"SearchAction\",\"target\":{\"@type\":\"EntryPoint\",\"urlTemplate\":\"http:\\\/\\\/sod.zbz.mybluehost.me\\\/?s={search_term_string}\"},\"query-input\":{\"@type\":\"PropertyValueSpecification\",\"valueRequired\":true,\"valueName\":\"search_term_string\"}}],\"inLanguage\":\"de\"},{\"@type\":\"Organization\",\"@id\":\"http:\\\/\\\/sod.zbz.mybluehost.me\\\/#organization\",\"name\":\"NH MAT - Metalne konstrukcije i dijelovi\",\"url\":\"http:\\\/\\\/sod.zbz.mybluehost.me\\\/\",\"logo\":{\"@type\":\"ImageObject\",\"inLanguage\":\"de\",\"@id\":\"http:\\\/\\\/sod.zbz.mybluehost.me\\\/#\\\/schema\\\/logo\\\/image\\\/\",\"url\":\"https:\\\/\\\/i0.wp.com\\\/nhmat.com\\\/wp-content\\\/uploads\\\/2025\\\/03\\\/LOGO_NH_MAT-removebg-preview.png?fit=1181%2C211&ssl=1\",\"contentUrl\":\"https:\\\/\\\/i0.wp.com\\\/nhmat.com\\\/wp-content\\\/uploads\\\/2025\\\/03\\\/LOGO_NH_MAT-removebg-preview.png?fit=1181%2C211&ssl=1\",\"width\":1181,\"height\":211,\"caption\":\"NH MAT - Metalne konstrukcije i dijelovi\"},\"image\":{\"@id\":\"http:\\\/\\\/sod.zbz.mybluehost.me\\\/#\\\/schema\\\/logo\\\/image\\\/\"}}]}<\/script>\n<!-- \/ Yoast SEO plugin. -->","yoast_head_json":{"title":"KONTAKT - NH MAT - Metalne konstrukcije i dijelovi","robots":{"index":"index","follow":"follow","max-snippet":"max-snippet:-1","max-image-preview":"max-image-preview:large","max-video-preview":"max-video-preview:-1"},"canonical":"https:\/\/nhmat.com\/de\/kontakt\/","og_locale":"de_DE","og_type":"article","og_title":"KONTAKT - NH MAT - Metalne konstrukcije i dijelovi","og_description":"Kontakt Tu smo da odgovorimo na va\u0161a pitanja i saslu\u0161amo va\u0161e sugestije. Radni sati Ponedjeljak &#8211; Petak7:00 am \u2014 16:00 pm Subota &#8211; NedjeljaZatvoreno Contact Emailinfo@nhmat.com Telefon+387 63 793 018+387 63 793 129 Pove\u017eimo se! \u010cesto postavljena pitanja Imate pitanja? Mi imamo odgovore.","og_url":"https:\/\/nhmat.com\/de\/kontakt\/","og_site_name":"NH MAT - Metalne konstrukcije i dijelovi","article_modified_time":"2025-03-12T10:17:06+00:00","og_image":[{"url":"https:\/\/nhmat.com\/wp-content\/uploads\/2025\/03\/Media-17-1024x683.jpeg","type":"","width":"","height":""}],"twitter_card":"summary_large_image","twitter_misc":{"Gesch\u00e4tzte Lesezeit":"2\u00a0Minuten"},"schema":{"@context":"https:\/\/schema.org","@graph":[{"@type":"WebPage","@id":"https:\/\/nhmat.com\/kontakt\/","url":"https:\/\/nhmat.com\/kontakt\/","name":"KONTAKT - NH MAT - Metalne konstrukcije i dijelovi","isPartOf":{"@id":"http:\/\/sod.zbz.mybluehost.me\/#website"},"primaryImageOfPage":{"@id":"https:\/\/nhmat.com\/kontakt\/#primaryimage"},"image":{"@id":"https:\/\/nhmat.com\/kontakt\/#primaryimage"},"thumbnailUrl":"https:\/\/nhmat.com\/wp-content\/uploads\/2025\/03\/Media-17-1024x683.jpeg","datePublished":"2025-01-16T07:39:39+00:00","dateModified":"2025-03-12T10:17:06+00:00","breadcrumb":{"@id":"https:\/\/nhmat.com\/kontakt\/#breadcrumb"},"inLanguage":"de","potentialAction":[{"@type":"ReadAction","target":["https:\/\/nhmat.com\/kontakt\/"]}]},{"@type":"ImageObject","inLanguage":"de","@id":"https:\/\/nhmat.com\/kontakt\/#primaryimage","url":"https:\/\/nhmat.com\/wp-content\/uploads\/2025\/03\/Media-17-1024x683.jpeg","contentUrl":"https:\/\/nhmat.com\/wp-content\/uploads\/2025\/03\/Media-17-1024x683.jpeg"},{"@type":"BreadcrumbList","@id":"https:\/\/nhmat.com\/kontakt\/#breadcrumb","itemListElement":[{"@type":"ListItem","position":1,"name":"Home","item":"https:\/\/nhmat.com\/"},{"@type":"ListItem","position":2,"name":"KONTAKT"}]},{"@type":"WebSite","@id":"http:\/\/sod.zbz.mybluehost.me\/#website","url":"http:\/\/sod.zbz.mybluehost.me\/","name":"NH MAT - Metalne konstrukcije i dijelovi","description":"","publisher":{"@id":"http:\/\/sod.zbz.mybluehost.me\/#organization"},"potentialAction":[{"@type":"SearchAction","target":{"@type":"EntryPoint","urlTemplate":"http:\/\/sod.zbz.mybluehost.me\/?s={search_term_string}"},"query-input":{"@type":"PropertyValueSpecification","valueRequired":true,"valueName":"search_term_string"}}],"inLanguage":"de"},{"@type":"Organization","@id":"http:\/\/sod.zbz.mybluehost.me\/#organization","name":"NH MAT - Metalne konstrukcije i dijelovi","url":"http:\/\/sod.zbz.mybluehost.me\/","logo":{"@type":"ImageObject","inLanguage":"de","@id":"http:\/\/sod.zbz.mybluehost.me\/#\/schema\/logo\/image\/","url":"https:\/\/i0.wp.com\/nhmat.com\/wp-content\/uploads\/2025\/03\/LOGO_NH_MAT-removebg-preview.png?fit=1181%2C211&ssl=1","contentUrl":"https:\/\/i0.wp.com\/nhmat.com\/wp-content\/uploads\/2025\/03\/LOGO_NH_MAT-removebg-preview.png?fit=1181%2C211&ssl=1","width":1181,"height":211,"caption":"NH MAT - Metalne konstrukcije i dijelovi"},"image":{"@id":"http:\/\/sod.zbz.mybluehost.me\/#\/schema\/logo\/image\/"}}]}},"jetpack_sharing_enabled":true,"_links":{"self":[{"href":"https:\/\/nhmat.com\/de\/wp-json\/wp\/v2\/pages\/12","targetHints":{"allow":["GET"]}}],"collection":[{"href":"https:\/\/nhmat.com\/de\/wp-json\/wp\/v2\/pages"}],"about":[{"href":"https:\/\/nhmat.com\/de\/wp-json\/wp\/v2\/types\/page"}],"author":[{"embeddable":true,"href":"https:\/\/nhmat.com\/de\/wp-json\/wp\/v2\/users\/1"}],"replies":[{"embeddable":true,"href":"https:\/\/nhmat.com\/de\/wp-json\/wp\/v2\/comments?post=12"}],"version-history":[{"count":6,"href":"https:\/\/nhmat.com\/de\/wp-json\/wp\/v2\/pages\/12\/revisions"}],"predecessor-version":[{"id":201,"href":"https:\/\/nhmat.com\/de\/wp-json\/wp\/v2\/pages\/12\/revisions\/201"}],"wp:attachment":[{"href":"https:\/\/nhmat.com\/de\/wp-json\/wp\/v2\/media?parent=12"}],"curies":[{"name":"wp","href":"https:\/\/api.w.org\/{rel}","templated":true}]}}