{"id":37,"date":"2025-03-07T09:13:14","date_gmt":"2025-03-07T09:13:14","guid":{"rendered":"https:\/\/nhmat.com\/?page_id=37"},"modified":"2025-03-12T10:41:32","modified_gmt":"2025-03-12T10:41:32","slug":"lasersko-izrezavanje","status":"publish","type":"page","link":"https:\/\/nhmat.com\/de\/lasersko-izrezavanje\/","title":{"rendered":"CNC \u0160TANCANJE LIMA"},"content":{"rendered":"<div class=\"nfd-container nfd-p-lg nfd-theme-white nfd-bg-surface nfd-wb-features__features-5 is-style-nfd-theme-white wp-block-group is-layout-constrained wp-block-group-is-layout-constrained\">\n<div class=\"nfd-text-base nfd-gap-3xl wp-block-columns are-vertically-aligned-center is-layout-flex wp-container-core-columns-is-layout-28f84493 wp-block-columns-is-layout-flex\">\n<div class=\"md:nfd-order-2 nfd-text-md wp-block-column is-vertically-aligned-center is-layout-flow wp-container-core-column-is-layout-8eebadab wp-block-column-is-layout-flow\" style=\"flex-basis:50%\">\n<div class=\"nfd-gap-lg wp-block-group is-vertical is-layout-flex wp-container-core-group-is-layout-fe9cc265 wp-block-group-is-layout-flex\">\n<p class=\"nfd-text-balance\">Na\u0161a kompanija nudi visokokvalitetno <strong>CNC \u0161tancanje lima<\/strong> uz kori\u0161\u0107enje <strong>TRUMPF CNC \u0161tanc ma\u0161ine<\/strong>, jedne od vode\u0107ih tehnologija u industriji obrade metala. Ova savremena oprema omogu\u0107ava izuzetnu preciznost, brzinu i ponovljivost u obradi razli\u010ditih vrsta lima, \u010dime garantujemo vrhunski kvalitet proizvoda i optimizovane proizvodne procese.<\/p>\n\n\n\n<p class=\"\">TRUMPF CNC \u0161tanc ma\u0161ina omogu\u0107ava:<br>\u2714 <strong>Visoku preciznost<\/strong> \u2013 Obrada slo\u017eenih oblika sa minimalnim odstupanjima.<br>\u2714 <strong>Veliku produktivnost<\/strong> \u2013 Brza izrada serijskih i pojedina\u010dnih komada.<br>\u2714 <strong>Obradu razli\u010ditih materijala<\/strong> \u2013 \u010celik, inox, aluminijum i druge vrste lima.<br>\u2714 <strong>Efikasnu optimizaciju materijala<\/strong> \u2013 Smanjenje otpada i pove\u0107anje iskoristivosti.<\/p>\n\n\n\n<p class=\"\">Proces CNC \u0161tancanja omogu\u0107ava kreiranje slo\u017eenih i funkcionalnih metalnih komponenti koje se koriste u razli\u010ditim industrijama \u2013 od gra\u0111evinarstva i ma\u0161inske industrije do automobilske i elektro-industrije. Kombinujemo vrhunsku tehnologiju sa stru\u010dnim znanjem kako bismo isporu\u010dili proizvode koji zadovoljavaju najstro\u017eije standarde kvaliteta.<\/p>\n\n\n\n<p class=\"nfd-text-balance\">Bilo da vam je potrebna serijska proizvodnja ili prilago\u0111eni dizajn, na\u0161 tim vam stoji na raspolaganju sa pouzdanim rje\u0161enjima za sve vrste projekata. <strong>Kontaktirajte nas i uvjerite se u kvalitet TRUMPF CNC \u0161tanc tehnologije!<\/strong><\/p>\n<\/div>\n<\/div>\n\n\n\n<div class=\"wp-block-column is-vertically-aligned-center is-layout-flow wp-container-core-column-is-layout-8a368f38 wp-block-column-is-layout-flow\" style=\"flex-basis:50%\">\n<div class=\"nfd-grid nfd-grid-cols-9 nfd-grid-rows-1 nfd-items-center wp-block-group is-layout-flow wp-container-core-group-is-layout-a77db08e wp-block-group-is-layout-flow\">\n<figure class=\"nfd-col-start-1 nfd-col-end-7 nfd-row-start-1 nfd-rounded wp-block-image alignleft size-full is-resized\"><img data-recalc-dims=\"1\" loading=\"lazy\" decoding=\"async\" width=\"1707\" height=\"2560\" src=\"https:\/\/i0.wp.com\/nhmat.com\/wp-content\/uploads\/2025\/03\/IMG_0144-scaled.jpg?resize=1707%2C2560&#038;ssl=1\" alt=\"\" class=\"wp-image-185\" style=\"aspect-ratio:0.6666666666666666;object-fit:cover;width:300px;height:auto\" srcset=\"https:\/\/i0.wp.com\/nhmat.com\/wp-content\/uploads\/2025\/03\/IMG_0144-scaled.jpg?w=1707&amp;ssl=1 1707w, https:\/\/i0.wp.com\/nhmat.com\/wp-content\/uploads\/2025\/03\/IMG_0144-scaled.jpg?resize=200%2C300&amp;ssl=1 200w, https:\/\/i0.wp.com\/nhmat.com\/wp-content\/uploads\/2025\/03\/IMG_0144-scaled.jpg?resize=683%2C1024&amp;ssl=1 683w, https:\/\/i0.wp.com\/nhmat.com\/wp-content\/uploads\/2025\/03\/IMG_0144-scaled.jpg?resize=768%2C1152&amp;ssl=1 768w, https:\/\/i0.wp.com\/nhmat.com\/wp-content\/uploads\/2025\/03\/IMG_0144-scaled.jpg?resize=1024%2C1536&amp;ssl=1 1024w, https:\/\/i0.wp.com\/nhmat.com\/wp-content\/uploads\/2025\/03\/IMG_0144-scaled.jpg?resize=1365%2C2048&amp;ssl=1 1365w\" sizes=\"auto, (max-width: 1000px) 100vw, 1000px\" \/><\/figure>\n\n\n\n<figure class=\"nfd-col-start-5 nfd-col-end-13 nfd-row-start-1 nfd-border-bg nfd-rounded wp-block-image size-full is-resized has-custom-border\"><img data-recalc-dims=\"1\" decoding=\"async\" src=\"https:\/\/i0.wp.com\/nhmat.com\/wp-content\/uploads\/2025\/03\/IMG_0146_11zon.jpg?ssl=1\" alt=\"\" class=\"wp-image-205\" style=\"border-left-width:3px;object-fit:cover;width:374px;height:auto\"\/><\/figure>\n<\/div>\n<\/div>\n<\/div>\n<\/div>\n\n\n\n<div class=\"nfd-container nfd-p-card-square-lg nfd-theme-dark nfd-bg-surface is-style-nfd-theme-dark wp-block-group is-layout-constrained wp-block-group-is-layout-constrained\">\n<div class=\"nfd-gap-xl wp-block-group is-content-justification-space-between is-layout-flex wp-container-core-group-is-layout-9366075c wp-block-group-is-layout-flex\">\n<div class=\"nfd-gap-lg wp-block-group is-vertical is-content-justification-left is-layout-flex wp-container-core-group-is-layout-58227553 wp-block-group-is-layout-flex\">\n<p class=\"nfd-text-sm nfd-text-faded has-text-align-center\" style=\"font-style:normal;font-weight:500;letter-spacing:0.05em;text-transform:uppercase\">Zatra\u017ei PONUDU ZA na\u0161e<\/p>\n\n\n\n<h2 class=\"wp-block-heading nfd-text-xl nfd-text-contrast nfd-text-balance has-text-align-left\">USLUGE OBRADE METALA<\/h2>\n<\/div>\n\n\n\n<div class=\"md:nfd-items-start nfd-gap-md wp-block-group is-vertical is-content-justification-center is-layout-flex wp-container-core-group-is-layout-ce155fab wp-block-group-is-layout-flex\">\n<div class=\"nfd-text-md wp-block-buttons is-content-justification-left is-layout-flex wp-container-core-buttons-is-layout-fc4fd283 wp-block-buttons-is-layout-flex\">\n<div class=\"nfd-btn-xl  wp-block-button\"><a class=\"wp-block-button__link wp-element-button\" href=\"mailto:info@nhmat.com\">Tra\u017ei ponudu odmah!<\/a><\/div>\n<\/div>\n<\/div>\n<\/div>\n<\/div>","protected":false},"excerpt":{"rendered":"<p>Na\u0161a kompanija nudi visokokvalitetno CNC \u0161tancanje lima uz kori\u0161\u0107enje TRUMPF CNC \u0161tanc ma\u0161ine, jedne od vode\u0107ih tehnologija u industriji obrade metala. Ova savremena oprema omogu\u0107ava izuzetnu preciznost, brzinu i ponovljivost u obradi razli\u010ditih vrsta lima, \u010dime garantujemo vrhunski kvalitet proizvoda i optimizovane proizvodne procese. TRUMPF CNC \u0161tanc ma\u0161ina omogu\u0107ava:\u2714 Visoku preciznost \u2013 Obrada slo\u017eenih oblika [&hellip;]<\/p>\n","protected":false},"author":1,"featured_media":0,"parent":0,"menu_order":0,"comment_status":"closed","ping_status":"closed","template":"","meta":{"nf_dc_page":"","footnotes":""},"class_list":["post-37","page","type-page","status-publish","hentry"],"yoast_head":"<!-- This site is optimized with the Yoast SEO plugin v27.4 - https:\/\/yoast.com\/product\/yoast-seo-wordpress\/ -->\n<title>CNC \u0160TANCANJE LIMA - NH MAT - Metalne konstrukcije i dijelovi<\/title>\n<meta name=\"robots\" content=\"index, follow, max-snippet:-1, max-image-preview:large, max-video-preview:-1\" \/>\n<link rel=\"canonical\" href=\"https:\/\/nhmat.com\/de\/lasersko-izrezavanje\/\" \/>\n<meta property=\"og:locale\" content=\"de_DE\" \/>\n<meta property=\"og:type\" content=\"article\" \/>\n<meta property=\"og:title\" content=\"CNC \u0160TANCANJE LIMA - NH MAT - Metalne konstrukcije i dijelovi\" \/>\n<meta property=\"og:description\" content=\"Na\u0161a kompanija nudi visokokvalitetno CNC \u0161tancanje lima uz kori\u0161\u0107enje TRUMPF CNC \u0161tanc ma\u0161ine, jedne od vode\u0107ih tehnologija u industriji obrade metala. Ova savremena oprema omogu\u0107ava izuzetnu preciznost, brzinu i ponovljivost u obradi razli\u010ditih vrsta lima, \u010dime garantujemo vrhunski kvalitet proizvoda i optimizovane proizvodne procese. TRUMPF CNC \u0161tanc ma\u0161ina omogu\u0107ava:\u2714 Visoku preciznost \u2013 Obrada slo\u017eenih oblika [&hellip;]\" \/>\n<meta property=\"og:url\" content=\"https:\/\/nhmat.com\/de\/lasersko-izrezavanje\/\" \/>\n<meta property=\"og:site_name\" content=\"NH MAT - Metalne konstrukcije i dijelovi\" \/>\n<meta property=\"article:modified_time\" content=\"2025-03-12T10:41:32+00:00\" \/>\n<meta property=\"og:image\" content=\"https:\/\/nhmat.com\/wp-content\/uploads\/2025\/03\/IMG_0144-scaled.jpg\" \/>\n<meta name=\"twitter:card\" content=\"summary_large_image\" \/>\n<meta name=\"twitter:label1\" content=\"Gesch\u00e4tzte Lesezeit\" \/>\n\t<meta name=\"twitter:data1\" content=\"2\u00a0Minuten\" \/>\n<script type=\"application\/ld+json\" class=\"yoast-schema-graph\">{\"@context\":\"https:\\\/\\\/schema.org\",\"@graph\":[{\"@type\":\"WebPage\",\"@id\":\"https:\\\/\\\/nhmat.com\\\/lasersko-izrezavanje\\\/\",\"url\":\"https:\\\/\\\/nhmat.com\\\/lasersko-izrezavanje\\\/\",\"name\":\"CNC \u0160TANCANJE LIMA - NH MAT - Metalne konstrukcije i dijelovi\",\"isPartOf\":{\"@id\":\"http:\\\/\\\/sod.zbz.mybluehost.me\\\/#website\"},\"primaryImageOfPage\":{\"@id\":\"https:\\\/\\\/nhmat.com\\\/lasersko-izrezavanje\\\/#primaryimage\"},\"image\":{\"@id\":\"https:\\\/\\\/nhmat.com\\\/lasersko-izrezavanje\\\/#primaryimage\"},\"thumbnailUrl\":\"https:\\\/\\\/nhmat.com\\\/wp-content\\\/uploads\\\/2025\\\/03\\\/IMG_0144-scaled.jpg\",\"datePublished\":\"2025-03-07T09:13:14+00:00\",\"dateModified\":\"2025-03-12T10:41:32+00:00\",\"breadcrumb\":{\"@id\":\"https:\\\/\\\/nhmat.com\\\/lasersko-izrezavanje\\\/#breadcrumb\"},\"inLanguage\":\"de\",\"potentialAction\":[{\"@type\":\"ReadAction\",\"target\":[\"https:\\\/\\\/nhmat.com\\\/lasersko-izrezavanje\\\/\"]}]},{\"@type\":\"ImageObject\",\"inLanguage\":\"de\",\"@id\":\"https:\\\/\\\/nhmat.com\\\/lasersko-izrezavanje\\\/#primaryimage\",\"url\":\"https:\\\/\\\/nhmat.com\\\/wp-content\\\/uploads\\\/2025\\\/03\\\/IMG_0144-scaled.jpg\",\"contentUrl\":\"https:\\\/\\\/nhmat.com\\\/wp-content\\\/uploads\\\/2025\\\/03\\\/IMG_0144-scaled.jpg\"},{\"@type\":\"BreadcrumbList\",\"@id\":\"https:\\\/\\\/nhmat.com\\\/lasersko-izrezavanje\\\/#breadcrumb\",\"itemListElement\":[{\"@type\":\"ListItem\",\"position\":1,\"name\":\"Home\",\"item\":\"https:\\\/\\\/nhmat.com\\\/\"},{\"@type\":\"ListItem\",\"position\":2,\"name\":\"CNC \u0160TANCANJE LIMA\"}]},{\"@type\":\"WebSite\",\"@id\":\"http:\\\/\\\/sod.zbz.mybluehost.me\\\/#website\",\"url\":\"http:\\\/\\\/sod.zbz.mybluehost.me\\\/\",\"name\":\"NH MAT - Metalne konstrukcije i dijelovi\",\"description\":\"\",\"publisher\":{\"@id\":\"http:\\\/\\\/sod.zbz.mybluehost.me\\\/#organization\"},\"potentialAction\":[{\"@type\":\"SearchAction\",\"target\":{\"@type\":\"EntryPoint\",\"urlTemplate\":\"http:\\\/\\\/sod.zbz.mybluehost.me\\\/?s={search_term_string}\"},\"query-input\":{\"@type\":\"PropertyValueSpecification\",\"valueRequired\":true,\"valueName\":\"search_term_string\"}}],\"inLanguage\":\"de\"},{\"@type\":\"Organization\",\"@id\":\"http:\\\/\\\/sod.zbz.mybluehost.me\\\/#organization\",\"name\":\"NH MAT - Metalne konstrukcije i dijelovi\",\"url\":\"http:\\\/\\\/sod.zbz.mybluehost.me\\\/\",\"logo\":{\"@type\":\"ImageObject\",\"inLanguage\":\"de\",\"@id\":\"http:\\\/\\\/sod.zbz.mybluehost.me\\\/#\\\/schema\\\/logo\\\/image\\\/\",\"url\":\"https:\\\/\\\/i0.wp.com\\\/nhmat.com\\\/wp-content\\\/uploads\\\/2025\\\/03\\\/LOGO_NH_MAT-removebg-preview.png?fit=1181%2C211&ssl=1\",\"contentUrl\":\"https:\\\/\\\/i0.wp.com\\\/nhmat.com\\\/wp-content\\\/uploads\\\/2025\\\/03\\\/LOGO_NH_MAT-removebg-preview.png?fit=1181%2C211&ssl=1\",\"width\":1181,\"height\":211,\"caption\":\"NH MAT - Metalne konstrukcije i dijelovi\"},\"image\":{\"@id\":\"http:\\\/\\\/sod.zbz.mybluehost.me\\\/#\\\/schema\\\/logo\\\/image\\\/\"}}]}<\/script>\n<!-- \/ Yoast SEO plugin. -->","yoast_head_json":{"title":"CNC \u0160TANCANJE LIMA - NH MAT - Metalne konstrukcije i dijelovi","robots":{"index":"index","follow":"follow","max-snippet":"max-snippet:-1","max-image-preview":"max-image-preview:large","max-video-preview":"max-video-preview:-1"},"canonical":"https:\/\/nhmat.com\/de\/lasersko-izrezavanje\/","og_locale":"de_DE","og_type":"article","og_title":"CNC \u0160TANCANJE LIMA - NH MAT - Metalne konstrukcije i dijelovi","og_description":"Na\u0161a kompanija nudi visokokvalitetno CNC \u0161tancanje lima uz kori\u0161\u0107enje TRUMPF CNC \u0161tanc ma\u0161ine, jedne od vode\u0107ih tehnologija u industriji obrade metala. Ova savremena oprema omogu\u0107ava izuzetnu preciznost, brzinu i ponovljivost u obradi razli\u010ditih vrsta lima, \u010dime garantujemo vrhunski kvalitet proizvoda i optimizovane proizvodne procese. TRUMPF CNC \u0161tanc ma\u0161ina omogu\u0107ava:\u2714 Visoku preciznost \u2013 Obrada slo\u017eenih oblika [&hellip;]","og_url":"https:\/\/nhmat.com\/de\/lasersko-izrezavanje\/","og_site_name":"NH MAT - Metalne konstrukcije i dijelovi","article_modified_time":"2025-03-12T10:41:32+00:00","og_image":[{"url":"https:\/\/nhmat.com\/wp-content\/uploads\/2025\/03\/IMG_0144-scaled.jpg","type":"","width":"","height":""}],"twitter_card":"summary_large_image","twitter_misc":{"Gesch\u00e4tzte Lesezeit":"2\u00a0Minuten"},"schema":{"@context":"https:\/\/schema.org","@graph":[{"@type":"WebPage","@id":"https:\/\/nhmat.com\/lasersko-izrezavanje\/","url":"https:\/\/nhmat.com\/lasersko-izrezavanje\/","name":"CNC \u0160TANCANJE LIMA - NH MAT - Metalne konstrukcije i dijelovi","isPartOf":{"@id":"http:\/\/sod.zbz.mybluehost.me\/#website"},"primaryImageOfPage":{"@id":"https:\/\/nhmat.com\/lasersko-izrezavanje\/#primaryimage"},"image":{"@id":"https:\/\/nhmat.com\/lasersko-izrezavanje\/#primaryimage"},"thumbnailUrl":"https:\/\/nhmat.com\/wp-content\/uploads\/2025\/03\/IMG_0144-scaled.jpg","datePublished":"2025-03-07T09:13:14+00:00","dateModified":"2025-03-12T10:41:32+00:00","breadcrumb":{"@id":"https:\/\/nhmat.com\/lasersko-izrezavanje\/#breadcrumb"},"inLanguage":"de","potentialAction":[{"@type":"ReadAction","target":["https:\/\/nhmat.com\/lasersko-izrezavanje\/"]}]},{"@type":"ImageObject","inLanguage":"de","@id":"https:\/\/nhmat.com\/lasersko-izrezavanje\/#primaryimage","url":"https:\/\/nhmat.com\/wp-content\/uploads\/2025\/03\/IMG_0144-scaled.jpg","contentUrl":"https:\/\/nhmat.com\/wp-content\/uploads\/2025\/03\/IMG_0144-scaled.jpg"},{"@type":"BreadcrumbList","@id":"https:\/\/nhmat.com\/lasersko-izrezavanje\/#breadcrumb","itemListElement":[{"@type":"ListItem","position":1,"name":"Home","item":"https:\/\/nhmat.com\/"},{"@type":"ListItem","position":2,"name":"CNC \u0160TANCANJE LIMA"}]},{"@type":"WebSite","@id":"http:\/\/sod.zbz.mybluehost.me\/#website","url":"http:\/\/sod.zbz.mybluehost.me\/","name":"NH MAT - Metalne konstrukcije i dijelovi","description":"","publisher":{"@id":"http:\/\/sod.zbz.mybluehost.me\/#organization"},"potentialAction":[{"@type":"SearchAction","target":{"@type":"EntryPoint","urlTemplate":"http:\/\/sod.zbz.mybluehost.me\/?s={search_term_string}"},"query-input":{"@type":"PropertyValueSpecification","valueRequired":true,"valueName":"search_term_string"}}],"inLanguage":"de"},{"@type":"Organization","@id":"http:\/\/sod.zbz.mybluehost.me\/#organization","name":"NH MAT - Metalne konstrukcije i dijelovi","url":"http:\/\/sod.zbz.mybluehost.me\/","logo":{"@type":"ImageObject","inLanguage":"de","@id":"http:\/\/sod.zbz.mybluehost.me\/#\/schema\/logo\/image\/","url":"https:\/\/i0.wp.com\/nhmat.com\/wp-content\/uploads\/2025\/03\/LOGO_NH_MAT-removebg-preview.png?fit=1181%2C211&ssl=1","contentUrl":"https:\/\/i0.wp.com\/nhmat.com\/wp-content\/uploads\/2025\/03\/LOGO_NH_MAT-removebg-preview.png?fit=1181%2C211&ssl=1","width":1181,"height":211,"caption":"NH MAT - Metalne konstrukcije i dijelovi"},"image":{"@id":"http:\/\/sod.zbz.mybluehost.me\/#\/schema\/logo\/image\/"}}]}},"jetpack_sharing_enabled":true,"_links":{"self":[{"href":"https:\/\/nhmat.com\/de\/wp-json\/wp\/v2\/pages\/37","targetHints":{"allow":["GET"]}}],"collection":[{"href":"https:\/\/nhmat.com\/de\/wp-json\/wp\/v2\/pages"}],"about":[{"href":"https:\/\/nhmat.com\/de\/wp-json\/wp\/v2\/types\/page"}],"author":[{"embeddable":true,"href":"https:\/\/nhmat.com\/de\/wp-json\/wp\/v2\/users\/1"}],"replies":[{"embeddable":true,"href":"https:\/\/nhmat.com\/de\/wp-json\/wp\/v2\/comments?post=37"}],"version-history":[{"count":6,"href":"https:\/\/nhmat.com\/de\/wp-json\/wp\/v2\/pages\/37\/revisions"}],"predecessor-version":[{"id":206,"href":"https:\/\/nhmat.com\/de\/wp-json\/wp\/v2\/pages\/37\/revisions\/206"}],"wp:attachment":[{"href":"https:\/\/nhmat.com\/de\/wp-json\/wp\/v2\/media?parent=37"}],"curies":[{"name":"wp","href":"https:\/\/api.w.org\/{rel}","templated":true}]}}